{"id":28,"date":"2025-03-01T16:24:55","date_gmt":"2025-03-01T15:24:55","guid":{"rendered":"https:\/\/prochoicebremen.noblogs.org\/?page_id=28"},"modified":"2025-03-07T16:07:19","modified_gmt":"2025-03-07T15:07:19","slug":"reproduktive-gerechtigkeit","status":"publish","type":"page","link":"https:\/\/prochoicebremen.noblogs.org\/?page_id=28","title":{"rendered":"Reproduktive Gerechtigkeit"},"content":{"rendered":"<p><span class=\"author-a-z71zo23z69zz88zpz74z9z87z04kz84zz75zz82z\">Reproduktive Gerechtigkeit ist ein Konzept, welches 1994 in den USA von Frauen of Colour gepr\u00e4gt wurde. Die f\u00fchrende Organisation der Bewegung, SisterSong, definiert Reproduktive Gerechtigkeit folgenderma\u00dfen: &#8222;the human right to maintain personal bodily autonomy, have children, not have children and parent the children we have in safe and sustainable communities&#8220;. Reproduktive Gerechtigkeit denkt also reproduktive Rechte und soziale Gerechtigkeit zusammen.\u00a0<\/span><\/p>\n<p>Die wesentlichen Grunds\u00e4tze reproduktiver Gerechtigkeit sind also<br \/>\n1. Das Recht, Kinder zu bekommen und die Umst\u00e4nde der Geburt selbst zu bestimmen.<br \/>\n2. Das Recht, keine Kinder zu bekommen und sicheren Zugang zu Verh\u00fctung und Abtreibungen zu erhalten.<br \/>\n3. Das Recht, Kinder unter guten Bedingungen und ohne Gewalt aufzuziehen und die Umst\u00e4nde der Elternschaft selbst zu bestimmen.<\/p>\n","protected":false},"excerpt":{"rendered":"<p>Reproduktive Gerechtigkeit ist ein Konzept, welches 1994 in den USA von Frauen of Colour gepr\u00e4gt wurde. Die f\u00fchrende Organisation der Bewegung, SisterSong, definiert Reproduktive Gerechtigkeit folgenderma\u00dfen: &#8222;the human right to maintain personal bodily autonomy, have children, not have children and parent the children we have in safe and sustainable communities&#8220;. Reproduktive Gerechtigkeit denkt also reproduktive&hellip; <a class=\"more-link\" href=\"https:\/\/prochoicebremen.noblogs.org\/?page_id=28\"><span class=\"screen-reader-text\">Reproduktive Gerechtigkeit<\/span> weiterlesen<\/a><\/p>\n","protected":false},"author":20582,"featured_media":0,"parent":11,"menu_order":0,"comment_status":"closed","ping_status":"closed","template":"","meta":{"footnotes":""},"class_list":["post-28","page","type-page","status-publish","hentry","entry"],"_links":{"self":[{"href":"https:\/\/prochoicebremen.noblogs.org\/index.php?rest_route=\/wp\/v2\/pages\/28","targetHints":{"allow":["GET"]}}],"collection":[{"href":"https:\/\/prochoicebremen.noblogs.org\/index.php?rest_route=\/wp\/v2\/pages"}],"about":[{"href":"https:\/\/prochoicebremen.noblogs.org\/index.php?rest_route=\/wp\/v2\/types\/page"}],"author":[{"embeddable":true,"href":"https:\/\/prochoicebremen.noblogs.org\/index.php?rest_route=\/wp\/v2\/users\/20582"}],"replies":[{"embeddable":true,"href":"https:\/\/prochoicebremen.noblogs.org\/index.php?rest_route=%2Fwp%2Fv2%2Fcomments&post=28"}],"version-history":[{"count":3,"href":"https:\/\/prochoicebremen.noblogs.org\/index.php?rest_route=\/wp\/v2\/pages\/28\/revisions"}],"predecessor-version":[{"id":36,"href":"https:\/\/prochoicebremen.noblogs.org\/index.php?rest_route=\/wp\/v2\/pages\/28\/revisions\/36"}],"up":[{"embeddable":true,"href":"https:\/\/prochoicebremen.noblogs.org\/index.php?rest_route=\/wp\/v2\/pages\/11"}],"wp:attachment":[{"href":"https:\/\/prochoicebremen.noblogs.org\/index.php?rest_route=%2Fwp%2Fv2%2Fmedia&parent=28"}],"curies":[{"name":"wp","href":"https:\/\/api.w.org\/{rel}","templated":true}]}}