{"id":13,"date":"2025-03-01T16:13:37","date_gmt":"2025-03-01T15:13:37","guid":{"rendered":"https:\/\/prochoicebremen.noblogs.org\/?page_id=13"},"modified":"2025-11-27T06:44:28","modified_gmt":"2025-11-27T05:44:28","slug":"aktuelles","status":"publish","type":"page","link":"https:\/\/prochoicebremen.noblogs.org\/","title":{"rendered":"Aktuelles"},"content":{"rendered":"\n<p><\/p>\n\n\n<div class=\"wp-block-image\">\n<figure class=\"aligncenter size-large is-resized\"><img loading=\"lazy\" decoding=\"async\" width=\"691\" height=\"1024\" src=\"https:\/\/prochoicebremen.noblogs.org\/files\/2025\/11\/Vessel-Der-Film-Share-Pic-1-691x1024.jpeg\" alt=\"\" class=\"wp-image-92\" style=\"width:377px;height:auto\" srcset=\"https:\/\/prochoicebremen.noblogs.org\/files\/2025\/11\/Vessel-Der-Film-Share-Pic-1-691x1024.jpeg 691w, https:\/\/prochoicebremen.noblogs.org\/files\/2025\/11\/Vessel-Der-Film-Share-Pic-1-202x300.jpeg 202w, https:\/\/prochoicebremen.noblogs.org\/files\/2025\/11\/Vessel-Der-Film-Share-Pic-1-768x1139.jpeg 768w, https:\/\/prochoicebremen.noblogs.org\/files\/2025\/11\/Vessel-Der-Film-Share-Pic-1-1036x1536.jpeg 1036w, https:\/\/prochoicebremen.noblogs.org\/files\/2025\/11\/Vessel-Der-Film-Share-Pic-1.jpeg 1381w\" sizes=\"auto, (max-width: 691px) 100vw, 691px\" \/><\/figure>\n<\/div>\n\n\n<p>Was kann man machen, wenn Schwangerschaftsabbr\u00fcche nicht nur nicht legalisiert, sondern wieder immer weiter kriminalisiert werden?<\/p>\n\n\n\n<p>Die \u00c4rztin Rebecca Gomperts, die der Dokumentarfilm *VESSEL* begleitet, fand eine ganz besondere Antwort: Schwangerschaftsabbr\u00fcche auf einem Schiff, in internationalen Gew\u00e4ssern. Aus dieser ungew\u00f6hnlichen Idee entstand eine globale Initiative, die ungewollt Schwangere bef\u00e4higt, selbstbestimmt und unabh\u00e4ngig von lokalen Gesetzen \u00fcber ihren K\u00f6rper zu entscheiden. VESSEL zeigt den Weg von einer Vision auf hoher See hin zu einem internationalen Netzwerk f\u00fcr sichere und legale Schwangerschaftsabbr\u00fcche.<\/p>\n\n\n\n<p>Gezeigt wird der Film von Pro Choice* Bremen in Kooperation mit dem City 46 und der Rosa-Luxemburg-Initiative \u2013 Rosa-Luxemburg-Stiftung Bremen.<\/p>\n\n\n\n<p>Es wird ein Kontingent an Soli-Tickets bereit stehen, sagt einfach an der Abendkasse bescheid. Wer kann, soll gerne ein paar Euros mehr geben, dann k\u00f6nnen wir noch mehr Soli-Tickets ausgeben.<\/p>\n\n\n\n<p>WANN: 09.12.2025 | 20:30 Uhr<br>WO: City 46, Birkenstr. 1, 28195 Bremen<\/p>\n\n\n\n<p><br>Eure Pro Choice* Bremen<\/p>\n\n\n\n<p>Ihr wollt bei uns mitmachen? Schreibt uns gerne eine Mail an prochoicebremen@inventati.org !<\/p>\n","protected":false},"excerpt":{"rendered":"<p>Was kann man machen, wenn Schwangerschaftsabbr\u00fcche nicht nur nicht legalisiert, sondern wieder immer weiter kriminalisiert werden? Die \u00c4rztin Rebecca Gomperts, die der Dokumentarfilm *VESSEL* begleitet, fand eine ganz besondere Antwort: Schwangerschaftsabbr\u00fcche auf einem Schiff, in internationalen Gew\u00e4ssern. Aus dieser ungew\u00f6hnlichen Idee entstand eine globale Initiative, die ungewollt Schwangere bef\u00e4higt, selbstbestimmt und unabh\u00e4ngig von lokalen Gesetzen&hellip; <a class=\"more-link\" href=\"https:\/\/prochoicebremen.noblogs.org\/\"><span class=\"screen-reader-text\">Aktuelles<\/span> weiterlesen<\/a><\/p>\n","protected":false},"author":20582,"featured_media":0,"parent":0,"menu_order":0,"comment_status":"closed","ping_status":"closed","template":"","meta":{"footnotes":""},"class_list":["post-13","page","type-page","status-publish","hentry","entry"],"_links":{"self":[{"href":"https:\/\/prochoicebremen.noblogs.org\/index.php?rest_route=\/wp\/v2\/pages\/13","targetHints":{"allow":["GET"]}}],"collection":[{"href":"https:\/\/prochoicebremen.noblogs.org\/index.php?rest_route=\/wp\/v2\/pages"}],"about":[{"href":"https:\/\/prochoicebremen.noblogs.org\/index.php?rest_route=\/wp\/v2\/types\/page"}],"author":[{"embeddable":true,"href":"https:\/\/prochoicebremen.noblogs.org\/index.php?rest_route=\/wp\/v2\/users\/20582"}],"replies":[{"embeddable":true,"href":"https:\/\/prochoicebremen.noblogs.org\/index.php?rest_route=%2Fwp%2Fv2%2Fcomments&post=13"}],"version-history":[{"count":10,"href":"https:\/\/prochoicebremen.noblogs.org\/index.php?rest_route=\/wp\/v2\/pages\/13\/revisions"}],"predecessor-version":[{"id":101,"href":"https:\/\/prochoicebremen.noblogs.org\/index.php?rest_route=\/wp\/v2\/pages\/13\/revisions\/101"}],"wp:attachment":[{"href":"https:\/\/prochoicebremen.noblogs.org\/index.php?rest_route=%2Fwp%2Fv2%2Fmedia&parent=13"}],"curies":[{"name":"wp","href":"https:\/\/api.w.org\/{rel}","templated":true}]}}