{"id":12,"date":"2025-03-01T16:13:37","date_gmt":"2025-03-01T15:13:37","guid":{"rendered":"https:\/\/prochoicebremen.noblogs.org\/?page_id=12"},"modified":"2025-11-19T18:15:19","modified_gmt":"2025-11-19T17:15:19","slug":"abortion-buddys","status":"publish","type":"page","link":"https:\/\/prochoicebremen.noblogs.org\/?page_id=12","title":{"rendered":"Abortion Buddys"},"content":{"rendered":"<div id=\"magicdomid170\" class=\"ace-line\" aria-live=\"assertive\"><span class=\"\">Wer eine Abtreibung braucht bzw. will, kann vor gro\u00dfen Herausforderungen stehen. Das Stigma um den Schwangerschaftsabbruch kann dazu f\u00fchren, dass das Gef\u00fchl entsteht, sich an niemanden wenden zu k\u00f6nnen. Mit dem neuen Projekt <\/span><span class=\"b\"><b>Abortion Buddys<\/b><\/span><span class=\"\"> vernetzen wir Menschen, die andere bei ihrem Schwangerschaftsabbruch begleiten k\u00f6nnen &#8211; sei es durch emotionale Unterst\u00fctzung, praktische Hilfe oder einfach nur ein offenes Ohr &#8211; mit ungewollt Schwangeren, die keine Begleitung aus ihrem privaten Umfeld haben oder wollen.\u00a0<\/span><\/div>\n<div id=\"magicdomid171\" class=\"ace-line\" aria-live=\"assertive\"><\/div>\n<div id=\"magicdomid172\" class=\"ace-line\" aria-live=\"assertive\"><strong><span class=\"\">Wer sind wir?<\/span><\/strong><\/div>\n<div id=\"magicdomid173\" class=\"ace-line\" aria-live=\"assertive\"><span class=\"\">Wir sind ein Netzwerk feministischer Menschen aus Bremen, die ungewollt Schwangere praktisch unterst\u00fctzen wollen. Initiiert wurde das Projekt von Pro Choice* Bremen. Alle Freiwilligen und Engagierten haben sich in einem Workshop mit dem Thema Schwangerschaftsabbruch auseinandergesetzt, zudem haben nat\u00fcrlich auch viele von uns weitere Ber\u00fchrungspunkte damit. Wir sind keine Therapeut*innen, Mediziner*innen, Sozialarbeiter*innen (oder zumindest nicht in dieser Funktion hier), sondern bieten <strong>solidarische Begleitung<\/strong> an.\u00a0<\/span><\/div>\n<div id=\"magicdomid174\" class=\"ace-line\" aria-live=\"assertive\"><\/div>\n<div id=\"magicdomid175\" class=\"ace-line\" aria-live=\"assertive\"><strong><span class=\"\">Wie funktioniert Abortion Buddys?<\/span><\/strong><\/div>\n<div id=\"magicdomid176\" class=\"ace-line\" aria-live=\"assertive\"><span class=\"\">Wenn du ungewollt schwanger bist und dir Begleitung bei einem Schwangerschaftsabbruch w\u00fcnschst, schreib uns eine Mail an <strong>abortionbuddys_hb@inventati.org.\u00a0<\/strong>\u00a0<\/span><\/div>\n<div class=\"ace-line\" aria-live=\"assertive\"><span class=\"\">Gib uns gerne direkt folgende Informationen:<\/span><\/div>\n<ul>\n<li class=\"ace-line\" aria-live=\"assertive\"><span class=\"\">was w\u00fcnschst du dir von der Begleitung (Musst du z.B. nach einem operativen Abbruch mit dem Auto abgeholt werden, m\u00f6chtest du einfach, dass jemand vor der T\u00fcr wartet, w\u00e4hrend du das Beratungsgespr\u00e4ch hast, &#8230;)<\/span><\/li>\n<li class=\"ace-line\" aria-live=\"assertive\"><span class=\"\">wann ggf. bereits ausgemachte Termine stattfinden, bei denen du belgeitet werden m\u00f6chtest,<\/span><\/li>\n<li class=\"ace-line\" aria-live=\"assertive\"><span class=\"\"> ob du dir Begleitung auch von einem cis Mann vorstellen kannst<\/span><\/li>\n<\/ul>\n<p><span class=\"\">Und schick uns nat\u00fcrlich auch gerne alle deine Fragen zu unserer Begleitung.<\/span><\/p>\n<p><span class=\"\">Wir versuchen dann, dich mit einer*einem passenden Freiwilligen zu matchen. Man kann uns auch auf Englisch schreiben, und auch gerne anmerken, wenn man sich eine Begleitung auf einer anderen Sprache als Deutsch w\u00fcnscht (ob wir das leisten k\u00f6nnen, m\u00fcssen wir individuell schauen).<\/span><\/p>\n<div id=\"magicdomid177\" class=\"ace-line\" aria-live=\"assertive\"><\/div>\n<div id=\"magicdomid178\" class=\"ace-line\" aria-live=\"assertive\"><strong><span class=\"\">Disclaimer:<\/span><\/strong><\/div>\n<div id=\"magicdomid179\" class=\"ace-line\" aria-live=\"assertive\"><span class=\"\">Wir k\u00f6nnen nicht garantieren, dass eine Begleitung zustande kommt, aber wir werden offen und verl\u00e4sslich kommunizieren. Wir arbeiten vertraulich, unabh\u00e4ngig und nicht urteilend, aber immer in Solidarit\u00e4t mit der betroffenen Person. Wir begleiten keine Minderj\u00e4hrigen.<\/p>\n<p>Folge den Abortion Buddys Bremen auf Instagram: <a href=\"https:\/\/www.instagram.com\/abortionbuddysbremen\">https:\/\/www.instagram.com\/abortionbuddysbremen\u00a0<\/a><\/span><\/div>\n<div id=\"magicdomid180\" class=\"ace-line\" aria-live=\"assertive\"><\/div>\n<div id=\"magicdomid181\" class=\"ace-line\" aria-live=\"assertive\"><\/div>\n","protected":false},"excerpt":{"rendered":"<p>Wer eine Abtreibung braucht bzw. will, kann vor gro\u00dfen Herausforderungen stehen. Das Stigma um den Schwangerschaftsabbruch kann dazu f\u00fchren, dass das Gef\u00fchl entsteht, sich an niemanden wenden zu k\u00f6nnen. Mit dem neuen Projekt Abortion Buddys vernetzen wir Menschen, die andere bei ihrem Schwangerschaftsabbruch begleiten k\u00f6nnen &#8211; sei es durch emotionale Unterst\u00fctzung, praktische Hilfe oder einfach&hellip; <a class=\"more-link\" href=\"https:\/\/prochoicebremen.noblogs.org\/?page_id=12\"><span class=\"screen-reader-text\">Abortion Buddys<\/span> weiterlesen<\/a><\/p>\n","protected":false},"author":20582,"featured_media":0,"parent":0,"menu_order":0,"comment_status":"closed","ping_status":"closed","template":"","meta":{"footnotes":""},"class_list":["post-12","page","type-page","status-publish","hentry","entry"],"_links":{"self":[{"href":"https:\/\/prochoicebremen.noblogs.org\/index.php?rest_route=\/wp\/v2\/pages\/12","targetHints":{"allow":["GET"]}}],"collection":[{"href":"https:\/\/prochoicebremen.noblogs.org\/index.php?rest_route=\/wp\/v2\/pages"}],"about":[{"href":"https:\/\/prochoicebremen.noblogs.org\/index.php?rest_route=\/wp\/v2\/types\/page"}],"author":[{"embeddable":true,"href":"https:\/\/prochoicebremen.noblogs.org\/index.php?rest_route=\/wp\/v2\/users\/20582"}],"replies":[{"embeddable":true,"href":"https:\/\/prochoicebremen.noblogs.org\/index.php?rest_route=%2Fwp%2Fv2%2Fcomments&post=12"}],"version-history":[{"count":7,"href":"https:\/\/prochoicebremen.noblogs.org\/index.php?rest_route=\/wp\/v2\/pages\/12\/revisions"}],"predecessor-version":[{"id":99,"href":"https:\/\/prochoicebremen.noblogs.org\/index.php?rest_route=\/wp\/v2\/pages\/12\/revisions\/99"}],"wp:attachment":[{"href":"https:\/\/prochoicebremen.noblogs.org\/index.php?rest_route=%2Fwp%2Fv2%2Fmedia&parent=12"}],"curies":[{"name":"wp","href":"https:\/\/api.w.org\/{rel}","templated":true}]}}